{"id":95,"date":"2025-09-18T15:59:48","date_gmt":"2025-09-18T20:59:48","guid":{"rendered":"https:\/\/bikers69.com\/?post_type=product&#038;p=95"},"modified":"2025-09-23T15:04:21","modified_gmt":"2025-09-23T20:04:21","slug":"intercomunicador-y10-2","status":"publish","type":"product","link":"https:\/\/bikers69.com\/index.php\/producto\/intercomunicador-y10-2\/","title":{"rendered":"INTERCOMUNICADOR Y10 2"},"content":{"rendered":"<h3 data-start=\"733\" data-end=\"767\">CARACTER\u00cdSTICAS PRINCIPALES:<\/h3>\n<ul data-start=\"769\" data-end=\"1487\">\n<li data-start=\"769\" data-end=\"858\">\n<p data-start=\"771\" data-end=\"858\"><strong data-start=\"771\" data-end=\"789\">Bluetooth 5.0:<\/strong> Conexi\u00f3n r\u00e1pida y estable con smartphones, GPS y otros dispositivos.<\/p>\n<\/li>\n<li data-start=\"859\" data-end=\"937\">\n<p data-start=\"861\" data-end=\"937\"><strong data-start=\"861\" data-end=\"893\">Alcance de hasta 800 metros:<\/strong> Comunicaci\u00f3n clara entre dos motociclistas.<\/p>\n<\/li>\n<li data-start=\"938\" data-end=\"999\">\n<p data-start=\"940\" data-end=\"999\"><strong data-start=\"940\" data-end=\"957\">Manos libres:<\/strong> Responde llamadas sin soltar el manillar.<\/p>\n<\/li>\n<li data-start=\"1000\" data-end=\"1122\">\n<p data-start=\"1002\" data-end=\"1122\"><strong data-start=\"1002\" data-end=\"1050\">Reproducci\u00f3n de m\u00fasica y navegaci\u00f3n por voz:<\/strong> Escucha tus playlists o instrucciones del GPS directamente en tu casco.<\/p>\n<\/li>\n<li data-start=\"1123\" data-end=\"1243\">\n<p data-start=\"1125\" data-end=\"1243\"><strong data-start=\"1125\" data-end=\"1150\">Cancelaci\u00f3n de ruido:<\/strong> Micr\u00f3fono con tecnolog\u00eda de reducci\u00f3n de ruido para mayor claridad incluso a alta velocidad.<\/p>\n<\/li>\n<li data-start=\"1244\" data-end=\"1328\">\n<p data-start=\"1246\" data-end=\"1328\"><strong data-start=\"1246\" data-end=\"1271\">Autonom\u00eda prolongada:<\/strong> Hasta 8\u201310 horas de uso continuo con bater\u00eda recargable.<\/p>\n<\/li>\n<li data-start=\"1329\" data-end=\"1392\">\n<p data-start=\"1331\" data-end=\"1392\"><strong data-start=\"1331\" data-end=\"1361\">Resistente al agua (IP65):<\/strong> Ideal para todo tipo de clima.<\/p>\n<\/li>\n<li data-start=\"1393\" data-end=\"1487\">\n<p data-start=\"1395\" data-end=\"1487\"><strong data-start=\"1395\" data-end=\"1417\">F\u00e1cil instalaci\u00f3n:<\/strong> Compatible con la mayor\u00eda de cascos integrales, modulares y abiertos<\/p>\n<\/li>\n<\/ul>\n","protected":false},"excerpt":{"rendered":"<p data-start=\"258\" data-end=\"568\"><strong data-start=\"258\" data-end=\"305\">Conecta tu camino. Comunica cada kil\u00f3metro.<\/strong><br data-start=\"305\" data-end=\"308\" \/>El <strong data-start=\"311\" data-end=\"338\">intercomunicador Y10 2X<\/strong> es la herramienta perfecta para quienes disfrutan de viajar en moto acompa\u00f1ados o en grupo. Con este set de <strong data-start=\"447\" data-end=\"461\">2 unidades<\/strong>, podr\u00e1s mantenerte en contacto constante con otro motociclista o pasajero, sin cables y sin distracciones.<\/p>\n<p data-start=\"570\" data-end=\"726\">Con conexi\u00f3n <strong data-start=\"583\" data-end=\"596\">Bluetooth<\/strong>, manos libres, m\u00fasica, llamadas y GPS, este intercomunicador ofrece <strong data-start=\"665\" data-end=\"707\">comodidad, seguridad y entretenimiento<\/strong> en cada recorrido.<\/p>\n","protected":false},"featured_media":247,"comment_status":"open","ping_status":"closed","template":"","meta":[],"product_brand":[],"product_cat":[20],"product_tag":[],"class_list":{"0":"post-95","1":"product","2":"type-product","3":"status-publish","4":"has-post-thumbnail","6":"product_cat-tecnologia","8":"first","9":"instock","10":"taxable","11":"shipping-taxable","12":"purchasable","13":"product-type-simple"},"jetpack_sharing_enabled":true,"_links":{"self":[{"href":"https:\/\/bikers69.com\/index.php\/wp-json\/wp\/v2\/product\/95","targetHints":{"allow":["GET"]}}],"collection":[{"href":"https:\/\/bikers69.com\/index.php\/wp-json\/wp\/v2\/product"}],"about":[{"href":"https:\/\/bikers69.com\/index.php\/wp-json\/wp\/v2\/types\/product"}],"replies":[{"embeddable":true,"href":"https:\/\/bikers69.com\/index.php\/wp-json\/wp\/v2\/comments?post=95"}],"wp:featuredmedia":[{"embeddable":true,"href":"https:\/\/bikers69.com\/index.php\/wp-json\/wp\/v2\/media\/247"}],"wp:attachment":[{"href":"https:\/\/bikers69.com\/index.php\/wp-json\/wp\/v2\/media?parent=95"}],"wp:term":[{"taxonomy":"product_brand","embeddable":true,"href":"https:\/\/bikers69.com\/index.php\/wp-json\/wp\/v2\/product_brand?post=95"},{"taxonomy":"product_cat","embeddable":true,"href":"https:\/\/bikers69.com\/index.php\/wp-json\/wp\/v2\/product_cat?post=95"},{"taxonomy":"product_tag","embeddable":true,"href":"https:\/\/bikers69.com\/index.php\/wp-json\/wp\/v2\/product_tag?post=95"}],"curies":[{"name":"wp","href":"https:\/\/api.w.org\/{rel}","templated":true}]}}