{"id":87,"date":"2025-09-18T15:27:54","date_gmt":"2025-09-18T20:27:54","guid":{"rendered":"https:\/\/bikers69.com\/?post_type=product&#038;p=87"},"modified":"2025-09-22T12:02:54","modified_gmt":"2025-09-22T17:02:54","slug":"candado-liviano-alarma","status":"publish","type":"product","link":"https:\/\/bikers69.com\/index.php\/producto\/candado-liviano-alarma\/","title":{"rendered":"CANDADO LIVIANO ALARMA"},"content":{"rendered":"<h3 data-start=\"689\" data-end=\"723\">CARACTER\u00cdSTICAS PRINCIPALES:<\/h3>\n<ul data-start=\"725\" data-end=\"1345\">\n<li data-start=\"725\" data-end=\"834\">\n<p data-start=\"727\" data-end=\"834\"><strong data-start=\"727\" data-end=\"746\">Dise\u00f1o liviano:<\/strong> Ideal para transportar en bolsos, ba\u00fal de la moto o incluso en el bolsillo del chaleco.<\/p>\n<\/li>\n<li data-start=\"835\" data-end=\"934\">\n<p data-start=\"837\" data-end=\"934\"><strong data-start=\"837\" data-end=\"860\">Alarma incorporada:<\/strong> Sirena de <strong data-start=\"871\" data-end=\"881\">110 dB<\/strong> que se activa al detectar movimientos o vibraciones.<\/p>\n<\/li>\n<li data-start=\"935\" data-end=\"1027\">\n<p data-start=\"937\" data-end=\"1027\"><strong data-start=\"937\" data-end=\"965\">Construcci\u00f3n resistente:<\/strong> Aleaci\u00f3n met\u00e1lica reforzada, anti-corte para mayor seguridad.<\/p>\n<\/li>\n<li data-start=\"1028\" data-end=\"1105\">\n<p data-start=\"1030\" data-end=\"1105\"><strong data-start=\"1030\" data-end=\"1055\">Sensor de movimiento:<\/strong> Detecci\u00f3n inteligente para evitar falsas alarmas.<\/p>\n<\/li>\n<li data-start=\"1106\" data-end=\"1188\">\n<p data-start=\"1108\" data-end=\"1188\"><strong data-start=\"1108\" data-end=\"1131\">Bater\u00edas incluidas:<\/strong> Funciona con bater\u00edas de bot\u00f3n f\u00e1cilmente reemplazables.<\/p>\n<\/li>\n<li data-start=\"1189\" data-end=\"1247\">\n<p data-start=\"1191\" data-end=\"1247\"><strong data-start=\"1191\" data-end=\"1209\">F\u00e1cil de usar:<\/strong> Cierre autom\u00e1tico con solo presionar.<\/p>\n<\/li>\n<li data-start=\"1248\" data-end=\"1345\">\n<p data-start=\"1250\" data-end=\"1345\"><strong data-start=\"1250\" data-end=\"1274\">Versatilidad de uso:<\/strong> Compatible con motos, bicicletas, patinetas el\u00e9ctricas, portones, etc.<\/p>\n<\/li>\n<\/ul>\n","protected":false},"excerpt":{"rendered":"<p data-start=\"230\" data-end=\"583\"><strong data-start=\"230\" data-end=\"272\">Seguridad inteligente, sin peso extra.<\/strong><br data-start=\"272\" data-end=\"275\" \/>El candado liviano con alarma es la opci\u00f3n ideal para motociclistas que buscan <strong data-start=\"354\" data-end=\"375\">protecci\u00f3n eficaz<\/strong> sin sacrificar <strong data-start=\"391\" data-end=\"407\">portabilidad<\/strong>. Fabricado con materiales resistentes pero ligeros, este candado es f\u00e1cil de transportar y cuenta con una alarma de alta potencia que se activa ante cualquier intento de robo.<\/p>\n<p data-start=\"585\" data-end=\"682\">Perfecto para el uso diario en ciudad, y lo suficientemente compacto para llevar siemp<\/p>\n","protected":false},"featured_media":228,"comment_status":"open","ping_status":"closed","template":"","meta":[],"product_brand":[],"product_cat":[17],"product_tag":[],"class_list":{"0":"post-87","1":"product","2":"type-product","3":"status-publish","4":"has-post-thumbnail","6":"product_cat-accesorios","8":"first","9":"instock","10":"taxable","11":"shipping-taxable","12":"purchasable","13":"product-type-simple"},"jetpack_sharing_enabled":true,"_links":{"self":[{"href":"https:\/\/bikers69.com\/index.php\/wp-json\/wp\/v2\/product\/87","targetHints":{"allow":["GET"]}}],"collection":[{"href":"https:\/\/bikers69.com\/index.php\/wp-json\/wp\/v2\/product"}],"about":[{"href":"https:\/\/bikers69.com\/index.php\/wp-json\/wp\/v2\/types\/product"}],"replies":[{"embeddable":true,"href":"https:\/\/bikers69.com\/index.php\/wp-json\/wp\/v2\/comments?post=87"}],"wp:featuredmedia":[{"embeddable":true,"href":"https:\/\/bikers69.com\/index.php\/wp-json\/wp\/v2\/media\/228"}],"wp:attachment":[{"href":"https:\/\/bikers69.com\/index.php\/wp-json\/wp\/v2\/media?parent=87"}],"wp:term":[{"taxonomy":"product_brand","embeddable":true,"href":"https:\/\/bikers69.com\/index.php\/wp-json\/wp\/v2\/product_brand?post=87"},{"taxonomy":"product_cat","embeddable":true,"href":"https:\/\/bikers69.com\/index.php\/wp-json\/wp\/v2\/product_cat?post=87"},{"taxonomy":"product_tag","embeddable":true,"href":"https:\/\/bikers69.com\/index.php\/wp-json\/wp\/v2\/product_tag?post=87"}],"curies":[{"name":"wp","href":"https:\/\/api.w.org\/{rel}","templated":true}]}}