{"id":166,"date":"2025-09-18T18:38:45","date_gmt":"2025-09-18T23:38:45","guid":{"rendered":"https:\/\/bikers69.com\/?post_type=product&#038;p=166"},"modified":"2025-09-20T18:46:42","modified_gmt":"2025-09-20T23:46:42","slug":"maleta-rigida","status":"publish","type":"product","link":"https:\/\/bikers69.com\/index.php\/producto\/maleta-rigida\/","title":{"rendered":"MALETA RIGIDA"},"content":{"rendered":"<h3 data-start=\"638\" data-end=\"677\"><strong data-start=\"645\" data-end=\"677\">Caracter\u00edsticas Principales:<\/strong><\/h3>\n<ul data-start=\"679\" data-end=\"1294\">\n<li data-start=\"679\" data-end=\"779\">\n<p data-start=\"681\" data-end=\"779\"><strong data-start=\"681\" data-end=\"714\">Material R\u00edgido y Resistente:<\/strong> Protege tus pertenencias contra impactos y condiciones externas.<\/p>\n<\/li>\n<li data-start=\"780\" data-end=\"847\">\n<p data-start=\"782\" data-end=\"847\"><strong data-start=\"782\" data-end=\"803\">Capacidad Amplia:<\/strong> Ideal para casco, ropa, herramientas y m\u00e1s.<\/p>\n<\/li>\n<li data-start=\"848\" data-end=\"951\">\n<p data-start=\"850\" data-end=\"951\"><strong data-start=\"850\" data-end=\"879\">Sistema de Cierre Seguro:<\/strong> Cerradura con llave o sistema de cierre herm\u00e9tico para mayor seguridad.<\/p>\n<\/li>\n<li data-start=\"952\" data-end=\"1048\">\n<p data-start=\"954\" data-end=\"1048\"><strong data-start=\"954\" data-end=\"978\">Dise\u00f1o Aerodin\u00e1mico:<\/strong> Minimiza resistencia al viento y no afecta la estabilidad de la moto.<\/p>\n<\/li>\n<li data-start=\"1049\" data-end=\"1133\">\n<p data-start=\"1051\" data-end=\"1133\"><strong data-start=\"1051\" data-end=\"1073\">F\u00e1cil Instalaci\u00f3n:<\/strong> Compatible con la mayor\u00eda de bases y soportes para maletas.<\/p>\n<\/li>\n<li data-start=\"1134\" data-end=\"1213\">\n<p data-start=\"1136\" data-end=\"1213\"><strong data-start=\"1136\" data-end=\"1159\">Resistente al Agua:<\/strong> Material y sellos que protegen contra lluvia y polvo.<\/p>\n<\/li>\n<li data-start=\"1214\" data-end=\"1294\">\n<p data-start=\"1216\" data-end=\"1294\"><strong data-start=\"1216\" data-end=\"1247\">Colores y Dise\u00f1os Modernos:<\/strong> Estilo que combina con cualquier tipo de moto.<\/p>\n<\/li>\n<\/ul>\n","protected":false},"excerpt":{"rendered":"<p data-start=\"219\" data-end=\"529\">Viaja con total seguridad y comodidad con la <strong data-start=\"264\" data-end=\"281\">Maleta R\u00edgida<\/strong>, dise\u00f1ada para ofrecerte un espacio seguro, resistente y organizado para transportar tus pertenencias en cualquier tipo de moto. Fabricada con materiales duraderos y r\u00edgidos, protege tus objetos de golpes, ca\u00eddas y condiciones clim\u00e1ticas adversas.<\/p>\n<p data-start=\"531\" data-end=\"631\">Perfecta para viajes largos, rutas urbanas o transportar equipo esencial con estilo y funcionalidad.<\/p>\n","protected":false},"featured_media":222,"comment_status":"open","ping_status":"closed","template":"","meta":[],"product_brand":[],"product_cat":[17],"product_tag":[],"class_list":{"0":"post-166","1":"product","2":"type-product","3":"status-publish","4":"has-post-thumbnail","6":"product_cat-accesorios","8":"first","9":"instock","10":"taxable","11":"shipping-taxable","12":"purchasable","13":"product-type-simple"},"jetpack_sharing_enabled":true,"_links":{"self":[{"href":"https:\/\/bikers69.com\/index.php\/wp-json\/wp\/v2\/product\/166","targetHints":{"allow":["GET"]}}],"collection":[{"href":"https:\/\/bikers69.com\/index.php\/wp-json\/wp\/v2\/product"}],"about":[{"href":"https:\/\/bikers69.com\/index.php\/wp-json\/wp\/v2\/types\/product"}],"replies":[{"embeddable":true,"href":"https:\/\/bikers69.com\/index.php\/wp-json\/wp\/v2\/comments?post=166"}],"wp:featuredmedia":[{"embeddable":true,"href":"https:\/\/bikers69.com\/index.php\/wp-json\/wp\/v2\/media\/222"}],"wp:attachment":[{"href":"https:\/\/bikers69.com\/index.php\/wp-json\/wp\/v2\/media?parent=166"}],"wp:term":[{"taxonomy":"product_brand","embeddable":true,"href":"https:\/\/bikers69.com\/index.php\/wp-json\/wp\/v2\/product_brand?post=166"},{"taxonomy":"product_cat","embeddable":true,"href":"https:\/\/bikers69.com\/index.php\/wp-json\/wp\/v2\/product_cat?post=166"},{"taxonomy":"product_tag","embeddable":true,"href":"https:\/\/bikers69.com\/index.php\/wp-json\/wp\/v2\/product_tag?post=166"}],"curies":[{"name":"wp","href":"https:\/\/api.w.org\/{rel}","templated":true}]}}