{"id":163,"date":"2025-09-18T18:37:38","date_gmt":"2025-09-18T23:37:38","guid":{"rendered":"https:\/\/bikers69.com\/?post_type=product&#038;p=163"},"modified":"2025-09-20T18:47:46","modified_gmt":"2025-09-20T23:47:46","slug":"tank-bag-pequeno","status":"publish","type":"product","link":"https:\/\/bikers69.com\/index.php\/producto\/tank-bag-pequeno\/","title":{"rendered":"TANK BAG PEQUE\u00d1O"},"content":{"rendered":"<h3 data-start=\"595\" data-end=\"634\"><strong data-start=\"602\" data-end=\"634\">Caracter\u00edsticas Principales:<\/strong><\/h3>\n<ul data-start=\"636\" data-end=\"1227\">\n<li data-start=\"636\" data-end=\"721\">\n<p data-start=\"638\" data-end=\"721\"><strong data-start=\"638\" data-end=\"658\">Dise\u00f1o compacto:<\/strong> Perfecto para guardar celular, billetera, llaves y documentos.<\/p>\n<\/li>\n<li data-start=\"722\" data-end=\"807\">\n<p data-start=\"724\" data-end=\"807\"><strong data-start=\"724\" data-end=\"756\">Material resistente al agua:<\/strong> Protege tus pertenencias de lluvia ligera y polvo.<\/p>\n<\/li>\n<li data-start=\"808\" data-end=\"902\">\n<p data-start=\"810\" data-end=\"902\"><strong data-start=\"810\" data-end=\"841\">Sistema de fijaci\u00f3n seguro:<\/strong> Im\u00e1n potente o correas ajustables para una sujeci\u00f3n estable.<\/p>\n<\/li>\n<li data-start=\"903\" data-end=\"985\">\n<p data-start=\"905\" data-end=\"985\"><strong data-start=\"905\" data-end=\"931\">Cierre con cremallera:<\/strong> F\u00e1cil acceso y seguro para mantener todo en su lugar.<\/p>\n<\/li>\n<li data-start=\"986\" data-end=\"1062\">\n<p data-start=\"988\" data-end=\"1062\"><strong data-start=\"988\" data-end=\"1012\">Dise\u00f1o aerodin\u00e1mico:<\/strong> No afecta la conducci\u00f3n ni el balance de la moto.<\/p>\n<\/li>\n<li data-start=\"1063\" data-end=\"1175\">\n<p data-start=\"1065\" data-end=\"1175\"><strong data-start=\"1065\" data-end=\"1099\">Correa para llevar como bolso:<\/strong> Opcional seg\u00fan modelo, para transportarlo f\u00e1cilmente al bajarte de la moto.<\/p>\n<\/li>\n<li data-start=\"1176\" data-end=\"1227\">\n<p data-start=\"1178\" data-end=\"1227\"><strong data-start=\"1178\" data-end=\"1227\">Compatible con la mayor\u00eda de tanques de moto.<\/strong><\/p>\n<\/li>\n<\/ul>\n","protected":false},"excerpt":{"rendered":"<p data-start=\"196\" data-end=\"495\">Lleva contigo lo esencial sin complicaciones con el <strong data-start=\"248\" data-end=\"268\">Tank Bag Peque\u00f1o<\/strong>, la soluci\u00f3n perfecta para guardar objetos personales durante tus rodadas. Su tama\u00f1o compacto se adapta f\u00e1cilmente a la mayor\u00eda de los tanques de moto, ofreci\u00e9ndote un espacio seguro y accesible para tus cosas m\u00e1s importantes.<\/p>\n<p data-start=\"497\" data-end=\"588\">Ideal para trayectos cortos, salidas urbanas o como complemento a tu equipamiento de viaje.<\/p>\n","protected":false},"featured_media":223,"comment_status":"open","ping_status":"closed","template":"","meta":[],"product_brand":[],"product_cat":[17],"product_tag":[],"class_list":{"0":"post-163","1":"product","2":"type-product","3":"status-publish","4":"has-post-thumbnail","6":"product_cat-accesorios","8":"first","9":"instock","10":"taxable","11":"shipping-taxable","12":"purchasable","13":"product-type-simple"},"jetpack_sharing_enabled":true,"_links":{"self":[{"href":"https:\/\/bikers69.com\/index.php\/wp-json\/wp\/v2\/product\/163","targetHints":{"allow":["GET"]}}],"collection":[{"href":"https:\/\/bikers69.com\/index.php\/wp-json\/wp\/v2\/product"}],"about":[{"href":"https:\/\/bikers69.com\/index.php\/wp-json\/wp\/v2\/types\/product"}],"replies":[{"embeddable":true,"href":"https:\/\/bikers69.com\/index.php\/wp-json\/wp\/v2\/comments?post=163"}],"wp:featuredmedia":[{"embeddable":true,"href":"https:\/\/bikers69.com\/index.php\/wp-json\/wp\/v2\/media\/223"}],"wp:attachment":[{"href":"https:\/\/bikers69.com\/index.php\/wp-json\/wp\/v2\/media?parent=163"}],"wp:term":[{"taxonomy":"product_brand","embeddable":true,"href":"https:\/\/bikers69.com\/index.php\/wp-json\/wp\/v2\/product_brand?post=163"},{"taxonomy":"product_cat","embeddable":true,"href":"https:\/\/bikers69.com\/index.php\/wp-json\/wp\/v2\/product_cat?post=163"},{"taxonomy":"product_tag","embeddable":true,"href":"https:\/\/bikers69.com\/index.php\/wp-json\/wp\/v2\/product_tag?post=163"}],"curies":[{"name":"wp","href":"https:\/\/api.w.org\/{rel}","templated":true}]}}