{"id":110,"date":"2025-09-18T16:22:26","date_gmt":"2025-09-18T21:22:26","guid":{"rendered":"https:\/\/bikers69.com\/?post_type=product&#038;p=110"},"modified":"2025-09-23T15:01:45","modified_gmt":"2025-09-23T20:01:45","slug":"chaqueta-cortaviento-reflectiva","status":"publish","type":"product","link":"https:\/\/bikers69.com\/index.php\/producto\/chaqueta-cortaviento-reflectiva\/","title":{"rendered":"CHAQUETA CORTAVIENTO REFLECTIVA"},"content":{"rendered":"<h3 data-start=\"856\" data-end=\"876\">Caracter\u00edsticas:<\/h3>\n<ul data-start=\"878\" data-end=\"1776\">\n<li data-start=\"878\" data-end=\"1013\">\n<p data-start=\"880\" data-end=\"1013\"><strong data-start=\"880\" data-end=\"905\">Material cortaviento:<\/strong> Tela t\u00e9cnica que bloquea el paso del viento, manteniendo el cuerpo protegido sin perder transpirabilidad.<\/p>\n<\/li>\n<li data-start=\"1014\" data-end=\"1101\">\n<p data-start=\"1016\" data-end=\"1101\"><strong data-start=\"1016\" data-end=\"1039\">Resistente al agua:<\/strong> Repele la llovizna ligera, ideal para climas impredecibles.<\/p>\n<\/li>\n<li data-start=\"1102\" data-end=\"1251\">\n<p data-start=\"1104\" data-end=\"1251\"><strong data-start=\"1104\" data-end=\"1146\">Tejido reflectivo de alta visibilidad:<\/strong> Aumenta la seguridad en condiciones de poca luz o en la noche, reflejando intensamente la luz directa.<\/p>\n<\/li>\n<li data-start=\"1252\" data-end=\"1355\">\n<p data-start=\"1254\" data-end=\"1355\"><strong data-start=\"1254\" data-end=\"1284\">Dise\u00f1o liviano y compacto:<\/strong> F\u00e1cil de doblar y guardar en una mochila o bolso sin ocupar espacio.<\/p>\n<\/li>\n<li data-start=\"1356\" data-end=\"1474\">\n<p data-start=\"1358\" data-end=\"1474\"><strong data-start=\"1358\" data-end=\"1386\">Cierre frontal completo:<\/strong> Cremallera de alta calidad con protecci\u00f3n interna para evitar filtraciones de viento.<\/p>\n<\/li>\n<li data-start=\"1475\" data-end=\"1550\">\n<p data-start=\"1477\" data-end=\"1550\"><strong data-start=\"1477\" data-end=\"1508\">Pu\u00f1os y cintura ajustables:<\/strong> Mayor comodidad y ajuste personalizado.<\/p>\n<\/li>\n<li data-start=\"1551\" data-end=\"1616\">\n<p data-start=\"1553\" data-end=\"1616\"><strong data-start=\"1553\" data-end=\"1578\">Forro interior suave:<\/strong> Confort adicional sin agregar peso.<\/p>\n<\/li>\n<li data-start=\"1617\" data-end=\"1699\">\n<p data-start=\"1619\" data-end=\"1699\"><strong data-start=\"1619\" data-end=\"1643\">F\u00e1cil mantenimiento:<\/strong> Lavar y secar r\u00e1pidamente sin perder sus propiedades.<\/p>\n<\/li>\n<li data-start=\"1700\" data-end=\"1776\">\n<p data-start=\"1702\" data-end=\"1776\"><strong data-start=\"1702\" data-end=\"1720\">Dise\u00f1o unisex:<\/strong> Corte vers\u00e1til y moderno, apto para cualquier g\u00e9nero.<\/p>\n<\/li>\n<\/ul>\n","protected":false},"excerpt":{"rendered":"<p data-start=\"280\" data-end=\"683\">La chaqueta cortaviento reflectiva ha sido dise\u00f1ada para ofrecer protecci\u00f3n, comodidad y visibilidad en condiciones clim\u00e1ticas variables y entornos con poca iluminaci\u00f3n. Su tejido reflectivo de alta visibilidad la convierte en una prenda ideal para actividades al aire libre como correr, andar en bicicleta, caminar o desplazarse por la ciudad, especialmente durante la noche o en ambientes de baja luz.<\/p>\n<p data-start=\"685\" data-end=\"849\">Su dise\u00f1o liviano, funcional y moderno permite combinar seguridad con estilo urbano, adapt\u00e1ndose a diferentes contextos: desde el uso deportivo hasta el uso diario.<\/p>\n","protected":false},"featured_media":243,"comment_status":"open","ping_status":"closed","template":"","meta":[],"product_brand":[],"product_cat":[18],"product_tag":[],"class_list":{"0":"post-110","1":"product","2":"type-product","3":"status-publish","4":"has-post-thumbnail","6":"product_cat-chaquetas","8":"first","9":"instock","10":"taxable","11":"shipping-taxable","12":"purchasable","13":"product-type-simple"},"jetpack_sharing_enabled":true,"_links":{"self":[{"href":"https:\/\/bikers69.com\/index.php\/wp-json\/wp\/v2\/product\/110","targetHints":{"allow":["GET"]}}],"collection":[{"href":"https:\/\/bikers69.com\/index.php\/wp-json\/wp\/v2\/product"}],"about":[{"href":"https:\/\/bikers69.com\/index.php\/wp-json\/wp\/v2\/types\/product"}],"replies":[{"embeddable":true,"href":"https:\/\/bikers69.com\/index.php\/wp-json\/wp\/v2\/comments?post=110"}],"wp:featuredmedia":[{"embeddable":true,"href":"https:\/\/bikers69.com\/index.php\/wp-json\/wp\/v2\/media\/243"}],"wp:attachment":[{"href":"https:\/\/bikers69.com\/index.php\/wp-json\/wp\/v2\/media?parent=110"}],"wp:term":[{"taxonomy":"product_brand","embeddable":true,"href":"https:\/\/bikers69.com\/index.php\/wp-json\/wp\/v2\/product_brand?post=110"},{"taxonomy":"product_cat","embeddable":true,"href":"https:\/\/bikers69.com\/index.php\/wp-json\/wp\/v2\/product_cat?post=110"},{"taxonomy":"product_tag","embeddable":true,"href":"https:\/\/bikers69.com\/index.php\/wp-json\/wp\/v2\/product_tag?post=110"}],"curies":[{"name":"wp","href":"https:\/\/api.w.org\/{rel}","templated":true}]}}